{"id":694,"date":"2026-02-03T09:55:30","date_gmt":"2026-02-03T09:55:30","guid":{"rendered":"https:\/\/plagiatkontroll.org\/?page_id=694"},"modified":"2026-02-03T09:55:30","modified_gmt":"2026-02-03T09:55:30","slug":"plagiatkontroll","status":"publish","type":"page","link":"https:\/\/plagiatkontroll.org\/nb\/plagiatkontroll\/","title":{"rendered":"Plagiatkontroll"},"content":{"rendered":"","protected":false},"excerpt":{"rendered":"","protected":false},"author":1,"featured_media":0,"parent":0,"menu_order":0,"comment_status":"closed","ping_status":"closed","template":"","meta":{"_yoast_wpseo_title":"Plagiatkontroll p\u00e5 nett \u2013 Gransk teksten din direkte | PlagiatKontroll","_yoast_wpseo_metadesc":"Bruk PlagiatKontroll for \u00e5 raskt oppdage plagiat i essays, artikler eller innhold p\u00e5 nettet. N\u00f8yaktige resultater p\u00e5 f\u00e5 sekunder.","_locale":"nb_NO","_original_post":"https:\/\/plagcheck.com\/?page_id=7","footnotes":""},"class_list":["post-694","page","type-page","status-publish","hentry","nb-NO"],"yoast_head":"<!-- This site is optimized with the Yoast SEO plugin v27.4 - https:\/\/yoast.com\/product\/yoast-seo-wordpress\/ -->\n<title>Plagiatkontroll p\u00e5 nett \u2013 Gransk teksten din direkte | PlagiatKontroll<\/title>\n<meta name=\"description\" content=\"Bruk PlagiatKontroll for \u00e5 raskt oppdage plagiat i essays, artikler eller innhold p\u00e5 nettet. N\u00f8yaktige resultater p\u00e5 f\u00e5 sekunder.\" \/>\n<meta name=\"robots\" content=\"index, follow, max-snippet:-1, max-image-preview:large, max-video-preview:-1\" \/>\n<link rel=\"canonical\" href=\"https:\/\/plagiatkontroll.org\/nb\/plagiatkontroll\/\" \/>\n<meta property=\"og:locale\" content=\"nb_NO\" \/>\n<meta property=\"og:type\" content=\"article\" \/>\n<meta property=\"og:title\" content=\"Plagiatkontroll p\u00e5 nett \u2013 Gransk teksten din direkte | PlagiatKontroll\" \/>\n<meta property=\"og:description\" content=\"Bruk PlagiatKontroll for \u00e5 raskt oppdage plagiat i essays, artikler eller innhold p\u00e5 nettet. N\u00f8yaktige resultater p\u00e5 f\u00e5 sekunder.\" \/>\n<meta property=\"og:url\" content=\"https:\/\/plagiatkontroll.org\/nb\/plagiatkontroll\/\" \/>\n<meta property=\"og:site_name\" content=\"PlagiatKontroll.org\" \/>\n<meta name=\"twitter:card\" content=\"summary_large_image\" \/>\n<!-- \/ Yoast SEO plugin. -->","yoast_head_json":{"title":"Plagiatkontroll p\u00e5 nett \u2013 Gransk teksten din direkte | PlagiatKontroll","description":"Bruk PlagiatKontroll for \u00e5 raskt oppdage plagiat i essays, artikler eller innhold p\u00e5 nettet. N\u00f8yaktige resultater p\u00e5 f\u00e5 sekunder.","robots":{"index":"index","follow":"follow","max-snippet":"max-snippet:-1","max-image-preview":"max-image-preview:large","max-video-preview":"max-video-preview:-1"},"canonical":"https:\/\/plagiatkontroll.org\/nb\/plagiatkontroll\/","og_locale":"nb_NO","og_type":"article","og_title":"Plagiatkontroll p\u00e5 nett \u2013 Gransk teksten din direkte | PlagiatKontroll","og_description":"Bruk PlagiatKontroll for \u00e5 raskt oppdage plagiat i essays, artikler eller innhold p\u00e5 nettet. N\u00f8yaktige resultater p\u00e5 f\u00e5 sekunder.","og_url":"https:\/\/plagiatkontroll.org\/nb\/plagiatkontroll\/","og_site_name":"PlagiatKontroll.org","twitter_card":"summary_large_image","schema":{"@context":"https:\/\/schema.org","@graph":[{"@type":"WebPage","@id":"https:\/\/plagiatkontroll.org\/nb\/plagiatkontroll\/","url":"https:\/\/plagiatkontroll.org\/nb\/plagiatkontroll\/","name":"Plagiatkontroll p\u00e5 nett \u2013 Gransk teksten din direkte | PlagiatKontroll","isPartOf":{"@id":"https:\/\/plagiatkontroll.org\/#website"},"datePublished":"2026-02-03T09:55:30+00:00","description":"Bruk PlagiatKontroll for \u00e5 raskt oppdage plagiat i essays, artikler eller innhold p\u00e5 nettet. N\u00f8yaktige resultater p\u00e5 f\u00e5 sekunder.","breadcrumb":{"@id":"https:\/\/plagiatkontroll.org\/nb\/plagiatkontroll\/#breadcrumb"},"inLanguage":"nb-NO","potentialAction":[{"@type":"ReadAction","target":["https:\/\/plagiatkontroll.org\/nb\/plagiatkontroll\/"]}]},{"@type":"BreadcrumbList","@id":"https:\/\/plagiatkontroll.org\/nb\/plagiatkontroll\/#breadcrumb","itemListElement":[{"@type":"ListItem","position":1,"name":"Home","item":"https:\/\/plagiatkontroll.org\/nb\/"},{"@type":"ListItem","position":2,"name":"Plagiatkontroll"}]},{"@type":"WebSite","@id":"https:\/\/plagiatkontroll.org\/#website","url":"https:\/\/plagiatkontroll.org\/","name":"PlagiatKontroll.org","description":"","potentialAction":[{"@type":"SearchAction","target":{"@type":"EntryPoint","urlTemplate":"https:\/\/plagiatkontroll.org\/?s={search_term_string}"},"query-input":{"@type":"PropertyValueSpecification","valueRequired":true,"valueName":"search_term_string"}}],"inLanguage":"nb-NO"}]}},"_links":{"self":[{"href":"https:\/\/plagiatkontroll.org\/wp-json\/wp\/v2\/pages\/694","targetHints":{"allow":["GET"]}}],"collection":[{"href":"https:\/\/plagiatkontroll.org\/wp-json\/wp\/v2\/pages"}],"about":[{"href":"https:\/\/plagiatkontroll.org\/wp-json\/wp\/v2\/types\/page"}],"author":[{"embeddable":true,"href":"https:\/\/plagiatkontroll.org\/wp-json\/wp\/v2\/users\/1"}],"replies":[{"embeddable":true,"href":"https:\/\/plagiatkontroll.org\/wp-json\/wp\/v2\/comments?post=694"}],"version-history":[{"count":1,"href":"https:\/\/plagiatkontroll.org\/wp-json\/wp\/v2\/pages\/694\/revisions"}],"predecessor-version":[{"id":695,"href":"https:\/\/plagiatkontroll.org\/wp-json\/wp\/v2\/pages\/694\/revisions\/695"}],"wp:attachment":[{"href":"https:\/\/plagiatkontroll.org\/wp-json\/wp\/v2\/media?parent=694"}],"curies":[{"name":"wp","href":"https:\/\/api.w.org\/{rel}","templated":true}]}}