{"id":692,"date":"2026-02-03T09:55:29","date_gmt":"2026-02-03T09:55:29","guid":{"rendered":"https:\/\/plagiatkontroll.org\/?page_id=692"},"modified":"2026-02-03T09:55:29","modified_gmt":"2026-02-03T09:55:29","slug":"om-oss","status":"publish","type":"page","link":"https:\/\/plagiatkontroll.org\/nb\/om-oss\/","title":{"rendered":"Om oss"},"content":{"rendered":"","protected":false},"excerpt":{"rendered":"","protected":false},"author":1,"featured_media":0,"parent":0,"menu_order":0,"comment_status":"closed","ping_status":"closed","template":"","meta":{"_yoast_wpseo_title":"Om oss \u2013 Plagiatkontroll p\u00e5 nett med AI og full \u00e5penhet","_yoast_wpseo_metadesc":"Bli kjent med PlagiatKontroll \u2013 en tjeneste for sikker plagiatkontroll p\u00e5 nett og AI-oppdagelse. Vi tror p\u00e5 \u00e6rlighet, integritet og tydelige resultater.","_locale":"nb_NO","_original_post":"https:\/\/plagcheck.com\/?page_id=9","footnotes":""},"class_list":["post-692","page","type-page","status-publish","hentry","nb-NO"],"yoast_head":"<!-- This site is optimized with the Yoast SEO plugin v27.4 - https:\/\/yoast.com\/product\/yoast-seo-wordpress\/ -->\n<title>Om oss \u2013 Plagiatkontroll p\u00e5 nett med AI og full \u00e5penhet<\/title>\n<meta name=\"description\" content=\"Bli kjent med PlagiatKontroll \u2013 en tjeneste for sikker plagiatkontroll p\u00e5 nett og AI-oppdagelse. Vi tror p\u00e5 \u00e6rlighet, integritet og tydelige resultater.\" \/>\n<meta name=\"robots\" content=\"index, follow, max-snippet:-1, max-image-preview:large, max-video-preview:-1\" \/>\n<link rel=\"canonical\" href=\"https:\/\/plagiatkontroll.org\/nb\/om-oss\/\" \/>\n<meta property=\"og:locale\" content=\"nb_NO\" \/>\n<meta property=\"og:type\" content=\"article\" \/>\n<meta property=\"og:title\" content=\"Om oss \u2013 Plagiatkontroll p\u00e5 nett med AI og full \u00e5penhet\" \/>\n<meta property=\"og:description\" content=\"Bli kjent med PlagiatKontroll \u2013 en tjeneste for sikker plagiatkontroll p\u00e5 nett og AI-oppdagelse. Vi tror p\u00e5 \u00e6rlighet, integritet og tydelige resultater.\" \/>\n<meta property=\"og:url\" content=\"https:\/\/plagiatkontroll.org\/nb\/om-oss\/\" \/>\n<meta property=\"og:site_name\" content=\"PlagiatKontroll.org\" \/>\n<meta name=\"twitter:card\" content=\"summary_large_image\" \/>\n<!-- \/ Yoast SEO plugin. -->","yoast_head_json":{"title":"Om oss \u2013 Plagiatkontroll p\u00e5 nett med AI og full \u00e5penhet","description":"Bli kjent med PlagiatKontroll \u2013 en tjeneste for sikker plagiatkontroll p\u00e5 nett og AI-oppdagelse. Vi tror p\u00e5 \u00e6rlighet, integritet og tydelige resultater.","robots":{"index":"index","follow":"follow","max-snippet":"max-snippet:-1","max-image-preview":"max-image-preview:large","max-video-preview":"max-video-preview:-1"},"canonical":"https:\/\/plagiatkontroll.org\/nb\/om-oss\/","og_locale":"nb_NO","og_type":"article","og_title":"Om oss \u2013 Plagiatkontroll p\u00e5 nett med AI og full \u00e5penhet","og_description":"Bli kjent med PlagiatKontroll \u2013 en tjeneste for sikker plagiatkontroll p\u00e5 nett og AI-oppdagelse. Vi tror p\u00e5 \u00e6rlighet, integritet og tydelige resultater.","og_url":"https:\/\/plagiatkontroll.org\/nb\/om-oss\/","og_site_name":"PlagiatKontroll.org","twitter_card":"summary_large_image","schema":{"@context":"https:\/\/schema.org","@graph":[{"@type":"WebPage","@id":"https:\/\/plagiatkontroll.org\/nb\/om-oss\/","url":"https:\/\/plagiatkontroll.org\/nb\/om-oss\/","name":"Om oss \u2013 Plagiatkontroll p\u00e5 nett med AI og full \u00e5penhet","isPartOf":{"@id":"https:\/\/plagiatkontroll.org\/#website"},"datePublished":"2026-02-03T09:55:29+00:00","description":"Bli kjent med PlagiatKontroll \u2013 en tjeneste for sikker plagiatkontroll p\u00e5 nett og AI-oppdagelse. Vi tror p\u00e5 \u00e6rlighet, integritet og tydelige resultater.","breadcrumb":{"@id":"https:\/\/plagiatkontroll.org\/nb\/om-oss\/#breadcrumb"},"inLanguage":"nb-NO","potentialAction":[{"@type":"ReadAction","target":["https:\/\/plagiatkontroll.org\/nb\/om-oss\/"]}]},{"@type":"BreadcrumbList","@id":"https:\/\/plagiatkontroll.org\/nb\/om-oss\/#breadcrumb","itemListElement":[{"@type":"ListItem","position":1,"name":"Home","item":"https:\/\/plagiatkontroll.org\/nb\/"},{"@type":"ListItem","position":2,"name":"Om oss"}]},{"@type":"WebSite","@id":"https:\/\/plagiatkontroll.org\/#website","url":"https:\/\/plagiatkontroll.org\/","name":"PlagiatKontroll.org","description":"","potentialAction":[{"@type":"SearchAction","target":{"@type":"EntryPoint","urlTemplate":"https:\/\/plagiatkontroll.org\/?s={search_term_string}"},"query-input":{"@type":"PropertyValueSpecification","valueRequired":true,"valueName":"search_term_string"}}],"inLanguage":"nb-NO"}]}},"_links":{"self":[{"href":"https:\/\/plagiatkontroll.org\/wp-json\/wp\/v2\/pages\/692","targetHints":{"allow":["GET"]}}],"collection":[{"href":"https:\/\/plagiatkontroll.org\/wp-json\/wp\/v2\/pages"}],"about":[{"href":"https:\/\/plagiatkontroll.org\/wp-json\/wp\/v2\/types\/page"}],"author":[{"embeddable":true,"href":"https:\/\/plagiatkontroll.org\/wp-json\/wp\/v2\/users\/1"}],"replies":[{"embeddable":true,"href":"https:\/\/plagiatkontroll.org\/wp-json\/wp\/v2\/comments?post=692"}],"version-history":[{"count":1,"href":"https:\/\/plagiatkontroll.org\/wp-json\/wp\/v2\/pages\/692\/revisions"}],"predecessor-version":[{"id":693,"href":"https:\/\/plagiatkontroll.org\/wp-json\/wp\/v2\/pages\/692\/revisions\/693"}],"wp:attachment":[{"href":"https:\/\/plagiatkontroll.org\/wp-json\/wp\/v2\/media?parent=692"}],"curies":[{"name":"wp","href":"https:\/\/api.w.org\/{rel}","templated":true}]}}