{"id":690,"date":"2026-02-03T09:55:30","date_gmt":"2026-02-03T09:55:30","guid":{"rendered":"https:\/\/plagiatkontroll.org\/?page_id=690"},"modified":"2026-02-03T09:55:30","modified_gmt":"2026-02-03T09:55:30","slug":"kontakt","status":"publish","type":"page","link":"https:\/\/plagiatkontroll.org\/nb\/kontakt\/","title":{"rendered":"Kontakt"},"content":{"rendered":"","protected":false},"excerpt":{"rendered":"","protected":false},"author":1,"featured_media":0,"parent":0,"menu_order":0,"comment_status":"closed","ping_status":"closed","template":"","meta":{"_yoast_wpseo_title":"Kontakt oss | PlagiatKontroll \u2013 Rask hjelp og st\u00f8tte","_yoast_wpseo_metadesc":"Har du sp\u00f8rsm\u00e5l om plagiatkontroll p\u00e5 nett eller AI-deteksjon? V\u00e5rt team hjelper deg gjerne \u2013 raskt og personlig.","_locale":"nb_NO","_original_post":"https:\/\/plagcheck.com\/?page_id=11","footnotes":""},"class_list":["post-690","page","type-page","status-publish","hentry","nb-NO"],"yoast_head":"<!-- This site is optimized with the Yoast SEO plugin v27.4 - https:\/\/yoast.com\/product\/yoast-seo-wordpress\/ -->\n<title>Kontakt oss | PlagiatKontroll \u2013 Rask hjelp og st\u00f8tte<\/title>\n<meta name=\"description\" content=\"Har du sp\u00f8rsm\u00e5l om plagiatkontroll p\u00e5 nett eller AI-deteksjon? V\u00e5rt team hjelper deg gjerne \u2013 raskt og personlig.\" \/>\n<meta name=\"robots\" content=\"index, follow, max-snippet:-1, max-image-preview:large, max-video-preview:-1\" \/>\n<link rel=\"canonical\" href=\"https:\/\/plagiatkontroll.org\/nb\/kontakt\/\" \/>\n<meta property=\"og:locale\" content=\"nb_NO\" \/>\n<meta property=\"og:type\" content=\"article\" \/>\n<meta property=\"og:title\" content=\"Kontakt oss | PlagiatKontroll \u2013 Rask hjelp og st\u00f8tte\" \/>\n<meta property=\"og:description\" content=\"Har du sp\u00f8rsm\u00e5l om plagiatkontroll p\u00e5 nett eller AI-deteksjon? V\u00e5rt team hjelper deg gjerne \u2013 raskt og personlig.\" \/>\n<meta property=\"og:url\" content=\"https:\/\/plagiatkontroll.org\/nb\/kontakt\/\" \/>\n<meta property=\"og:site_name\" content=\"PlagiatKontroll.org\" \/>\n<meta name=\"twitter:card\" content=\"summary_large_image\" \/>\n<!-- \/ Yoast SEO plugin. -->","yoast_head_json":{"title":"Kontakt oss | PlagiatKontroll \u2013 Rask hjelp og st\u00f8tte","description":"Har du sp\u00f8rsm\u00e5l om plagiatkontroll p\u00e5 nett eller AI-deteksjon? V\u00e5rt team hjelper deg gjerne \u2013 raskt og personlig.","robots":{"index":"index","follow":"follow","max-snippet":"max-snippet:-1","max-image-preview":"max-image-preview:large","max-video-preview":"max-video-preview:-1"},"canonical":"https:\/\/plagiatkontroll.org\/nb\/kontakt\/","og_locale":"nb_NO","og_type":"article","og_title":"Kontakt oss | PlagiatKontroll \u2013 Rask hjelp og st\u00f8tte","og_description":"Har du sp\u00f8rsm\u00e5l om plagiatkontroll p\u00e5 nett eller AI-deteksjon? V\u00e5rt team hjelper deg gjerne \u2013 raskt og personlig.","og_url":"https:\/\/plagiatkontroll.org\/nb\/kontakt\/","og_site_name":"PlagiatKontroll.org","twitter_card":"summary_large_image","schema":{"@context":"https:\/\/schema.org","@graph":[{"@type":"WebPage","@id":"https:\/\/plagiatkontroll.org\/nb\/kontakt\/","url":"https:\/\/plagiatkontroll.org\/nb\/kontakt\/","name":"Kontakt oss | PlagiatKontroll \u2013 Rask hjelp og st\u00f8tte","isPartOf":{"@id":"https:\/\/plagiatkontroll.org\/#website"},"datePublished":"2026-02-03T09:55:30+00:00","description":"Har du sp\u00f8rsm\u00e5l om plagiatkontroll p\u00e5 nett eller AI-deteksjon? V\u00e5rt team hjelper deg gjerne \u2013 raskt og personlig.","breadcrumb":{"@id":"https:\/\/plagiatkontroll.org\/nb\/kontakt\/#breadcrumb"},"inLanguage":"nb-NO","potentialAction":[{"@type":"ReadAction","target":["https:\/\/plagiatkontroll.org\/nb\/kontakt\/"]}]},{"@type":"BreadcrumbList","@id":"https:\/\/plagiatkontroll.org\/nb\/kontakt\/#breadcrumb","itemListElement":[{"@type":"ListItem","position":1,"name":"Home","item":"https:\/\/plagiatkontroll.org\/nb\/"},{"@type":"ListItem","position":2,"name":"Kontakt"}]},{"@type":"WebSite","@id":"https:\/\/plagiatkontroll.org\/#website","url":"https:\/\/plagiatkontroll.org\/","name":"PlagiatKontroll.org","description":"","potentialAction":[{"@type":"SearchAction","target":{"@type":"EntryPoint","urlTemplate":"https:\/\/plagiatkontroll.org\/?s={search_term_string}"},"query-input":{"@type":"PropertyValueSpecification","valueRequired":true,"valueName":"search_term_string"}}],"inLanguage":"nb-NO"}]}},"_links":{"self":[{"href":"https:\/\/plagiatkontroll.org\/wp-json\/wp\/v2\/pages\/690","targetHints":{"allow":["GET"]}}],"collection":[{"href":"https:\/\/plagiatkontroll.org\/wp-json\/wp\/v2\/pages"}],"about":[{"href":"https:\/\/plagiatkontroll.org\/wp-json\/wp\/v2\/types\/page"}],"author":[{"embeddable":true,"href":"https:\/\/plagiatkontroll.org\/wp-json\/wp\/v2\/users\/1"}],"replies":[{"embeddable":true,"href":"https:\/\/plagiatkontroll.org\/wp-json\/wp\/v2\/comments?post=690"}],"version-history":[{"count":1,"href":"https:\/\/plagiatkontroll.org\/wp-json\/wp\/v2\/pages\/690\/revisions"}],"predecessor-version":[{"id":691,"href":"https:\/\/plagiatkontroll.org\/wp-json\/wp\/v2\/pages\/690\/revisions\/691"}],"wp:attachment":[{"href":"https:\/\/plagiatkontroll.org\/wp-json\/wp\/v2\/media?parent=690"}],"curies":[{"name":"wp","href":"https:\/\/api.w.org\/{rel}","templated":true}]}}