{"id":663,"date":"2026-01-27T15:57:53","date_gmt":"2026-01-27T15:57:53","guid":{"rendered":"https:\/\/plagiatkontroll.org\/?page_id=663"},"modified":"2026-01-27T16:49:25","modified_gmt":"2026-01-27T16:49:25","slug":"integritetspolicy","status":"publish","type":"page","link":"https:\/\/plagiatkontroll.org\/fi\/integritetspolicy\/","title":{"rendered":"Tietosuojaseloste"},"content":{"rendered":"<strong>P\u00e4ivitetty viimeksi:<\/strong> [04.06.2025][\/04.06.2025]\r\n\r\nPlagiarism.orgia yll\u00e4pit\u00e4\u00e4 <em>System Technology Online Spain Sl.<\/em>, Calle P\u00e9rez Gil 2, B.46, 03540, Alicante, Espanja (&#8220;me&#8221;, &#8220;me&#8221; tai &#8220;yrityksemme&#8221;) ja on vastuussa henkil\u00f6tiedoista GDPR:n mukaan.\r\n\r\nKiit\u00e4mme sinua siit\u00e4, ett\u00e4 osoitat kiinnostusta palveluitamme kohtaan ja vakuutimme sinulle, ett\u00e4 suojelemme yksityisyytt\u00e4si. Henkil\u00f6tietojasi k\u00e4sitell\u00e4\u00e4n aina mahdollisimman luottamuksellisesti \u2013 emme koskaan jaa, myy tai levit\u00e4 tietojasi kolmansille osapuolille.\r\n<h2>Mit\u00e4 tietoja ker\u00e4\u00e4mme?<\/h2>\r\nKun k\u00e4yt\u00e4t verkkosivustoamme, tiettyj\u00e4 teknisi\u00e4 ja henkil\u00f6kohtaisia tietoja voidaan ker\u00e4t\u00e4:\r\n<ul>\r\n \t<li>selaimen tyyppi<\/li>\r\n \t<li>K\u00e4ytt\u00f6j\u00e4rjestelm\u00e4<\/li>\r\n \t<li>Vierailun aika ja p\u00e4iv\u00e4m\u00e4\u00e4r\u00e4<\/li>\r\n \t<li>IP-osoite<\/li>\r\n \t<li>Alkuper\u00e4inen verkkosivu (viittaus)<\/li>\r\n \t<li>Internet<\/li>\r\n<\/ul>\r\nN\u00e4iden tietojen ker\u00e4\u00e4misen tarkoituksena on parantaa sis\u00e4lt\u00f6\u00e4, optimoida suorituskyky\u00e4 ja varmistaa sujuva k\u00e4ytt\u00f6kokemus.\r\n<h2>Keksit<\/h2>\r\nVerkkosivustomme k\u00e4ytt\u00e4\u00e4 ev\u00e4steit\u00e4 &#8211; pieni\u00e4 tekstitiedostoja, jotka tallennetaan selaimeesi. N\u00e4m\u00e4 auttavat meit\u00e4 analysoimaan liikennett\u00e4 ja tekev\u00e4t verkkosivustosta k\u00e4ytt\u00e4j\u00e4yst\u00e4v\u00e4llisemm\u00e4n.\r\n\r\nVoit est\u00e4\u00e4 tai poistaa ev\u00e4steit\u00e4 selaimesi asetuksista milloin tahansa. Huomaa, ett\u00e4 joihinkin toimintoihin saattaa vaikuttaa, jos ev\u00e4steet on poistettu k\u00e4yt\u00f6st\u00e4.\r\n<h2>Henkil\u00f6tiedot rekister\u00f6innin yhteydess\u00e4<\/h2>\r\nKun rekister\u00f6idyt tai teet tilauksen, voimme pyyt\u00e4\u00e4 seuraavia tietoja:\r\n<ul>\r\n \t<li>Nimi<\/li>\r\n \t<li>Puhelinnumero<\/li>\r\n \t<li>S\u00e4hk\u00f6postiosoite<\/li>\r\n \t<li>Syntym\u00e4p\u00e4iv\u00e4<\/li>\r\n \t<li>Maa<\/li>\r\n<\/ul>\r\nErikoistapauksissa esim. Vakuutushallinnon tapauksessa saatamme tarvita arkaluontoisia tietoja, kuten luottokorttinumeroita tai passitietoja. N\u00e4it\u00e4 k\u00e4sitell\u00e4\u00e4n vain sinun suostumuksellasi, eik\u00e4 niit\u00e4 koskaan tallenneta ilman laillista perustetta.\r\n<h2>Google Drive ja tilitiedot<\/h2>\r\nJos p\u00e4\u00e4t\u00e4t linkitt\u00e4\u00e4 Google-tilisi j\u00e4rjestelm\u00e4\u00e4mme, pyyd\u00e4mme vain lukuk\u00e4ytt\u00f6\u00e4 ().\r\n\r\nTallennamme vain aktiivisesti lataamasi tekstin plagiointiin itsesi hallintaan. Tiedostoja ei muuteta tai jaeta ilman hyv\u00e4ksynt\u00e4\u00e4si, ja voit poistaa ne milloin tahansa tai peruuttaa p\u00e4\u00e4syn.\r\n\r\nNoudatamme <strong>Google API Services -k\u00e4ytt\u00e4j\u00e4tietok\u00e4yt\u00e4nt\u00f6\u00e4<\/strong>, mukaan lukien rajoitukset jatkok\u00e4ytt\u00f6\u00e4 varten.\r\n<h2>Tekstisi kuuluvat sinulle<\/h2>\r\nKaikki tekstit, jotka analysoit ty\u00f6kalumme kautta, ovat sinun omaisuuttasi. Emme tallenna niit\u00e4, emme k\u00e4yt\u00e4 niit\u00e4 sis\u00e4isesti emmek\u00e4 jaa niit\u00e4 kolmansien osapuolten kanssa. Plagioinnin hallinta tapahtuu reaaliajassa ja t\u00e4ysin luottamuksellisesti.\r\n<h2>verkkomaksut<\/h2>\r\nKaikki tapahtumat suoritetaan suojattujen maksuratkaisujen kautta. Joissakin tapauksissa talousosastomme voi ottaa sinuun yhteytt\u00e4 tietojen tarkistamiseksi ja petosten torjumiseksi.\r\n<h2>GDPR:n mukaiset oikeudet<\/h2>\r\nSinulla on t\u00e4ysi m\u00e4\u00e4r\u00e4ysvalta tietoihisi. voit:\r\n<ul>\r\n \t<li>Katso, muuta tai poista tietosi<\/li>\r\n \t<li>Ota yhteytt\u00e4 korjataksesi tai poistaaksesi tiedot<\/li>\r\n<\/ul>\r\nJos lopetat tilisi tai suhteemme p\u00e4\u00e4ttyy, poistamme tietosi &#8211; ellei laki edellyt\u00e4 s\u00e4ilytt\u00e4mist\u00e4.\r\n<h2>Milloin ja miksi tallennamme tietoja<\/h2>\r\nJoitakin tietoja voidaan k\u00e4ytt\u00e4\u00e4:\r\n<ul>\r\n \t<li>Paranna verkkosivuston sis\u00e4lt\u00f6\u00e4 ja toimintoja<\/li>\r\n \t<li>Suojaa IT-j\u00e4rjestelmi\u00e4mme hy\u00f6kk\u00e4yksilt\u00e4<\/li>\r\n \t<li>noudattaa lakis\u00e4\u00e4teisi\u00e4 velvoitteita<\/li>\r\n<\/ul>\r\nKaikki k\u00e4ytt\u00f6 tapahtuu nykyisen tietosuojalains\u00e4\u00e4d\u00e4nn\u00f6n, mukaan lukien EU:n GDPR:n, mukaisesti.\r\n<div style=\"margin-top: 2em; padding: 1em; background-color: #f3f3f3; border-left: 5px solid #4caf50;\"><strong>\ud83d\udd12 Plagiarism.org on turvallinen ty\u00f6kalu plagioinnin ja teko\u00e4lyn luoman sis\u00e4ll\u00f6n tunnistamiseen \u2013 yksityisyytt\u00e4si tinkim\u00e4tt\u00e4.<\/strong><\/div>","protected":false},"excerpt":{"rendered":"P\u00e4ivitetty viimeksi: [04.06.2025][\/04.06.2025] Plagiarism.orgia yll\u00e4pit\u00e4\u00e4 System Technology Online Spain Sl., Calle P\u00e9rez Gil 2, B.46, 03540, Alicante, Espanja (&#8220;me&#8221;, &#8220;me&#8221; tai &#8220;yrityksemme&#8221;) ja on vastuussa henkil\u00f6tiedoista GDPR:n mukaan. Kiit\u00e4mme sinua siit\u00e4, ett\u00e4 osoitat kiinnostusta palveluitamme kohtaan ja vakuutimme sinulle, ett\u00e4 suojelemme yksityisyytt\u00e4si. Henkil\u00f6tietojasi k\u00e4sitell\u00e4\u00e4n aina mahdollisimman luottamuksellisesti \u2013 emme koskaan jaa, myy tai levit\u00e4 tietojasi [&hellip;]","protected":false},"author":1,"featured_media":0,"parent":0,"menu_order":0,"comment_status":"closed","ping_status":"closed","template":"","meta":{"_yoast_wpseo_title":"Tietosuojak\u00e4yt\u00e4nt\u00f6 | Plagioinnin hallinta \u2013 turvallinen online-plagiointitarkistus","_yoast_wpseo_metadesc":"Lue, kuinka Plagiarism.org suojaa henkil\u00f6tietojasi. Emme ker\u00e4\u00e4, emme myy ja jaa sis\u00e4lt\u00f6\u00e4si \u2013 100 % tietoturva ja GDPR-yhteensopivuus.","_locale":"fi","_original_post":"https:\/\/plagcheck.com\/?page_id=49","footnotes":""},"class_list":["post-663","page","type-page","status-publish","hentry","fi"],"yoast_head":"<!-- This site is optimized with the Yoast SEO plugin v27.4 - https:\/\/yoast.com\/product\/yoast-seo-wordpress\/ -->\n<title>Tietosuojak\u00e4yt\u00e4nt\u00f6 | Plagioinnin hallinta \u2013 turvallinen online-plagiointitarkistus<\/title>\n<meta name=\"description\" content=\"Lue, kuinka Plagiarism.org suojaa henkil\u00f6tietojasi. Emme ker\u00e4\u00e4, emme myy ja jaa sis\u00e4lt\u00f6\u00e4si \u2013 100 % tietoturva ja GDPR-yhteensopivuus.\" \/>\n<meta name=\"robots\" content=\"noindex, follow\" \/>\n<meta property=\"og:locale\" content=\"fi_FI\" \/>\n<meta property=\"og:type\" content=\"article\" \/>\n<meta property=\"og:title\" content=\"Tietosuojak\u00e4yt\u00e4nt\u00f6 | Plagioinnin hallinta \u2013 turvallinen online-plagiointitarkistus\" \/>\n<meta property=\"og:description\" content=\"Lue, kuinka Plagiarism.org suojaa henkil\u00f6tietojasi. Emme ker\u00e4\u00e4, emme myy ja jaa sis\u00e4lt\u00f6\u00e4si \u2013 100 % tietoturva ja GDPR-yhteensopivuus.\" \/>\n<meta property=\"og:url\" content=\"https:\/\/plagiatkontroll.org\/fi\/integritetspolicy\/\" \/>\n<meta property=\"og:site_name\" content=\"PlagiatKontroll.org\" \/>\n<meta property=\"article:modified_time\" content=\"2026-01-27T16:49:25+00:00\" \/>\n<meta name=\"twitter:card\" content=\"summary_large_image\" \/>\n<meta name=\"twitter:label1\" content=\"Arvioitu lukuaika\" \/>\n\t<meta name=\"twitter:data1\" content=\"2 minuuttia\" \/>\n<!-- \/ Yoast SEO plugin. -->","yoast_head_json":{"title":"Tietosuojak\u00e4yt\u00e4nt\u00f6 | Plagioinnin hallinta \u2013 turvallinen online-plagiointitarkistus","description":"Lue, kuinka Plagiarism.org suojaa henkil\u00f6tietojasi. Emme ker\u00e4\u00e4, emme myy ja jaa sis\u00e4lt\u00f6\u00e4si \u2013 100 % tietoturva ja GDPR-yhteensopivuus.","robots":{"index":"noindex","follow":"follow"},"og_locale":"fi_FI","og_type":"article","og_title":"Tietosuojak\u00e4yt\u00e4nt\u00f6 | Plagioinnin hallinta \u2013 turvallinen online-plagiointitarkistus","og_description":"Lue, kuinka Plagiarism.org suojaa henkil\u00f6tietojasi. Emme ker\u00e4\u00e4, emme myy ja jaa sis\u00e4lt\u00f6\u00e4si \u2013 100 % tietoturva ja GDPR-yhteensopivuus.","og_url":"https:\/\/plagiatkontroll.org\/fi\/integritetspolicy\/","og_site_name":"PlagiatKontroll.org","article_modified_time":"2026-01-27T16:49:25+00:00","twitter_card":"summary_large_image","twitter_misc":{"Arvioitu lukuaika":"2 minuuttia"},"schema":{"@context":"https:\/\/schema.org","@graph":[{"@type":"WebPage","@id":"https:\/\/plagiatkontroll.org\/fi\/integritetspolicy\/","url":"https:\/\/plagiatkontroll.org\/fi\/integritetspolicy\/","name":"Tietosuojak\u00e4yt\u00e4nt\u00f6 | Plagioinnin hallinta \u2013 turvallinen online-plagiointitarkistus","isPartOf":{"@id":"https:\/\/plagiatkontroll.org\/#website"},"datePublished":"2026-01-27T15:57:53+00:00","dateModified":"2026-01-27T16:49:25+00:00","description":"Lue, kuinka Plagiarism.org suojaa henkil\u00f6tietojasi. Emme ker\u00e4\u00e4, emme myy ja jaa sis\u00e4lt\u00f6\u00e4si \u2013 100 % tietoturva ja GDPR-yhteensopivuus.","breadcrumb":{"@id":"https:\/\/plagiatkontroll.org\/fi\/integritetspolicy\/#breadcrumb"},"inLanguage":"fi","potentialAction":[{"@type":"ReadAction","target":["https:\/\/plagiatkontroll.org\/fi\/integritetspolicy\/"]}]},{"@type":"BreadcrumbList","@id":"https:\/\/plagiatkontroll.org\/fi\/integritetspolicy\/#breadcrumb","itemListElement":[{"@type":"ListItem","position":1,"name":"Home","item":"https:\/\/plagiatkontroll.org\/fi\/"},{"@type":"ListItem","position":2,"name":"Tietosuojaseloste"}]},{"@type":"WebSite","@id":"https:\/\/plagiatkontroll.org\/#website","url":"https:\/\/plagiatkontroll.org\/","name":"PlagiatKontroll.org","description":"","potentialAction":[{"@type":"SearchAction","target":{"@type":"EntryPoint","urlTemplate":"https:\/\/plagiatkontroll.org\/?s={search_term_string}"},"query-input":{"@type":"PropertyValueSpecification","valueRequired":true,"valueName":"search_term_string"}}],"inLanguage":"fi"}]}},"_links":{"self":[{"href":"https:\/\/plagiatkontroll.org\/wp-json\/wp\/v2\/pages\/663","targetHints":{"allow":["GET"]}}],"collection":[{"href":"https:\/\/plagiatkontroll.org\/wp-json\/wp\/v2\/pages"}],"about":[{"href":"https:\/\/plagiatkontroll.org\/wp-json\/wp\/v2\/types\/page"}],"author":[{"embeddable":true,"href":"https:\/\/plagiatkontroll.org\/wp-json\/wp\/v2\/users\/1"}],"replies":[{"embeddable":true,"href":"https:\/\/plagiatkontroll.org\/wp-json\/wp\/v2\/comments?post=663"}],"version-history":[{"count":3,"href":"https:\/\/plagiatkontroll.org\/wp-json\/wp\/v2\/pages\/663\/revisions"}],"predecessor-version":[{"id":707,"href":"https:\/\/plagiatkontroll.org\/wp-json\/wp\/v2\/pages\/663\/revisions\/707"}],"wp:attachment":[{"href":"https:\/\/plagiatkontroll.org\/wp-json\/wp\/v2\/media?parent=663"}],"curies":[{"name":"wp","href":"https:\/\/api.w.org\/{rel}","templated":true}]}}