{"id":662,"date":"2026-01-27T15:57:54","date_gmt":"2026-01-27T15:57:54","guid":{"rendered":"https:\/\/plagiatkontroll.org\/?page_id=662"},"modified":"2026-01-27T15:57:54","modified_gmt":"2026-01-27T15:57:54","slug":"kontakt","status":"publish","type":"page","link":"https:\/\/plagiatkontroll.org\/fi\/kontakt\/","title":{"rendered":"Yhteyshenkil\u00f6"},"content":{"rendered":"","protected":false},"excerpt":{"rendered":"","protected":false},"author":1,"featured_media":0,"parent":0,"menu_order":0,"comment_status":"closed","ping_status":"closed","template":"","meta":{"_yoast_wpseo_title":"Ota yhteytt\u00e4 | Plagioinnin hallinta \u2013 nopea apu ja tuki","_yoast_wpseo_metadesc":"Onko sinulla kysytt\u00e4v\u00e4\u00e4 online-plagioinnista tai teko\u00e4lyn havaitsemisesta? Tiimimme auttaa sinua mielell\u00e4\u00e4n \u2013 nopeasti ja henkil\u00f6kohtaisesti.","_locale":"fi","_original_post":"https:\/\/plagcheck.com\/?page_id=11","footnotes":""},"class_list":["post-662","page","type-page","status-publish","hentry","fi"],"yoast_head":"<!-- This site is optimized with the Yoast SEO plugin v27.4 - https:\/\/yoast.com\/product\/yoast-seo-wordpress\/ -->\n<title>Ota yhteytt\u00e4 | Plagioinnin hallinta \u2013 nopea apu ja tuki<\/title>\n<meta name=\"description\" content=\"Onko sinulla kysytt\u00e4v\u00e4\u00e4 online-plagioinnista tai teko\u00e4lyn havaitsemisesta? Tiimimme auttaa sinua mielell\u00e4\u00e4n \u2013 nopeasti ja henkil\u00f6kohtaisesti.\" \/>\n<meta name=\"robots\" content=\"index, follow, max-snippet:-1, max-image-preview:large, max-video-preview:-1\" \/>\n<link rel=\"canonical\" href=\"https:\/\/plagiatkontroll.org\/fi\/kontakt\/\" \/>\n<meta property=\"og:locale\" content=\"fi_FI\" \/>\n<meta property=\"og:type\" content=\"article\" \/>\n<meta property=\"og:title\" content=\"Ota yhteytt\u00e4 | Plagioinnin hallinta \u2013 nopea apu ja tuki\" \/>\n<meta property=\"og:description\" content=\"Onko sinulla kysytt\u00e4v\u00e4\u00e4 online-plagioinnista tai teko\u00e4lyn havaitsemisesta? Tiimimme auttaa sinua mielell\u00e4\u00e4n \u2013 nopeasti ja henkil\u00f6kohtaisesti.\" \/>\n<meta property=\"og:url\" content=\"https:\/\/plagiatkontroll.org\/fi\/kontakt\/\" \/>\n<meta property=\"og:site_name\" content=\"PlagiatKontroll.org\" \/>\n<meta name=\"twitter:card\" content=\"summary_large_image\" \/>\n<!-- \/ Yoast SEO plugin. -->","yoast_head_json":{"title":"Ota yhteytt\u00e4 | Plagioinnin hallinta \u2013 nopea apu ja tuki","description":"Onko sinulla kysytt\u00e4v\u00e4\u00e4 online-plagioinnista tai teko\u00e4lyn havaitsemisesta? Tiimimme auttaa sinua mielell\u00e4\u00e4n \u2013 nopeasti ja henkil\u00f6kohtaisesti.","robots":{"index":"index","follow":"follow","max-snippet":"max-snippet:-1","max-image-preview":"max-image-preview:large","max-video-preview":"max-video-preview:-1"},"canonical":"https:\/\/plagiatkontroll.org\/fi\/kontakt\/","og_locale":"fi_FI","og_type":"article","og_title":"Ota yhteytt\u00e4 | Plagioinnin hallinta \u2013 nopea apu ja tuki","og_description":"Onko sinulla kysytt\u00e4v\u00e4\u00e4 online-plagioinnista tai teko\u00e4lyn havaitsemisesta? Tiimimme auttaa sinua mielell\u00e4\u00e4n \u2013 nopeasti ja henkil\u00f6kohtaisesti.","og_url":"https:\/\/plagiatkontroll.org\/fi\/kontakt\/","og_site_name":"PlagiatKontroll.org","twitter_card":"summary_large_image","schema":{"@context":"https:\/\/schema.org","@graph":[{"@type":"WebPage","@id":"https:\/\/plagiatkontroll.org\/fi\/kontakt\/","url":"https:\/\/plagiatkontroll.org\/fi\/kontakt\/","name":"Ota yhteytt\u00e4 | Plagioinnin hallinta \u2013 nopea apu ja tuki","isPartOf":{"@id":"https:\/\/plagiatkontroll.org\/#website"},"datePublished":"2026-01-27T15:57:54+00:00","description":"Onko sinulla kysytt\u00e4v\u00e4\u00e4 online-plagioinnista tai teko\u00e4lyn havaitsemisesta? Tiimimme auttaa sinua mielell\u00e4\u00e4n \u2013 nopeasti ja henkil\u00f6kohtaisesti.","breadcrumb":{"@id":"https:\/\/plagiatkontroll.org\/fi\/kontakt\/#breadcrumb"},"inLanguage":"fi","potentialAction":[{"@type":"ReadAction","target":["https:\/\/plagiatkontroll.org\/fi\/kontakt\/"]}]},{"@type":"BreadcrumbList","@id":"https:\/\/plagiatkontroll.org\/fi\/kontakt\/#breadcrumb","itemListElement":[{"@type":"ListItem","position":1,"name":"Home","item":"https:\/\/plagiatkontroll.org\/fi\/"},{"@type":"ListItem","position":2,"name":"Yhteyshenkil\u00f6"}]},{"@type":"WebSite","@id":"https:\/\/plagiatkontroll.org\/#website","url":"https:\/\/plagiatkontroll.org\/","name":"PlagiatKontroll.org","description":"","potentialAction":[{"@type":"SearchAction","target":{"@type":"EntryPoint","urlTemplate":"https:\/\/plagiatkontroll.org\/?s={search_term_string}"},"query-input":{"@type":"PropertyValueSpecification","valueRequired":true,"valueName":"search_term_string"}}],"inLanguage":"fi"}]}},"_links":{"self":[{"href":"https:\/\/plagiatkontroll.org\/wp-json\/wp\/v2\/pages\/662","targetHints":{"allow":["GET"]}}],"collection":[{"href":"https:\/\/plagiatkontroll.org\/wp-json\/wp\/v2\/pages"}],"about":[{"href":"https:\/\/plagiatkontroll.org\/wp-json\/wp\/v2\/types\/page"}],"author":[{"embeddable":true,"href":"https:\/\/plagiatkontroll.org\/wp-json\/wp\/v2\/users\/1"}],"replies":[{"embeddable":true,"href":"https:\/\/plagiatkontroll.org\/wp-json\/wp\/v2\/comments?post=662"}],"version-history":[{"count":1,"href":"https:\/\/plagiatkontroll.org\/wp-json\/wp\/v2\/pages\/662\/revisions"}],"predecessor-version":[{"id":676,"href":"https:\/\/plagiatkontroll.org\/wp-json\/wp\/v2\/pages\/662\/revisions\/676"}],"wp:attachment":[{"href":"https:\/\/plagiatkontroll.org\/wp-json\/wp\/v2\/media?parent=662"}],"curies":[{"name":"wp","href":"https:\/\/api.w.org\/{rel}","templated":true}]}}