{"id":660,"date":"2026-01-27T15:57:53","date_gmt":"2026-01-27T15:57:53","guid":{"rendered":"https:\/\/plagiatkontroll.org\/?page_id=660"},"modified":"2026-01-27T15:57:53","modified_gmt":"2026-01-27T15:57:53","slug":"om-oss","status":"publish","type":"page","link":"https:\/\/plagiatkontroll.org\/fi\/om-oss\/","title":{"rendered":"Tietoa meist\u00e4"},"content":{"rendered":"","protected":false},"excerpt":{"rendered":"","protected":false},"author":1,"featured_media":0,"parent":0,"menu_order":0,"comment_status":"closed","ping_status":"closed","template":"","meta":{"_yoast_wpseo_title":"Tietoja meist\u00e4 \u2013 Online-plagioinnin hallinta teko\u00e4lyll\u00e4 ja t\u00e4ydell\u00e4 l\u00e4pin\u00e4kyvyydell\u00e4","_yoast_wpseo_metadesc":"Tutustu plagioinnin hallintaan \u2013 palvelu turvalliseen online-plagiointiin ja teko\u00e4lyn l\u00f6yt\u00e4miseen. Uskomme rehellisyyteen, rehellisyyteen ja selkeisiin tuloksiin.","_locale":"fi","_original_post":"https:\/\/plagcheck.com\/?page_id=9","footnotes":""},"class_list":["post-660","page","type-page","status-publish","hentry","fi"],"yoast_head":"<!-- This site is optimized with the Yoast SEO plugin v27.4 - https:\/\/yoast.com\/product\/yoast-seo-wordpress\/ -->\n<title>Tietoja meist\u00e4 \u2013 Online-plagioinnin hallinta teko\u00e4lyll\u00e4 ja t\u00e4ydell\u00e4 l\u00e4pin\u00e4kyvyydell\u00e4<\/title>\n<meta name=\"description\" content=\"Tutustu plagioinnin hallintaan \u2013 palvelu turvalliseen online-plagiointiin ja teko\u00e4lyn l\u00f6yt\u00e4miseen. Uskomme rehellisyyteen, rehellisyyteen ja selkeisiin tuloksiin.\" \/>\n<meta name=\"robots\" content=\"index, follow, max-snippet:-1, max-image-preview:large, max-video-preview:-1\" \/>\n<link rel=\"canonical\" href=\"https:\/\/plagiatkontroll.org\/fi\/om-oss\/\" \/>\n<meta property=\"og:locale\" content=\"fi_FI\" \/>\n<meta property=\"og:type\" content=\"article\" \/>\n<meta property=\"og:title\" content=\"Tietoja meist\u00e4 \u2013 Online-plagioinnin hallinta teko\u00e4lyll\u00e4 ja t\u00e4ydell\u00e4 l\u00e4pin\u00e4kyvyydell\u00e4\" \/>\n<meta property=\"og:description\" content=\"Tutustu plagioinnin hallintaan \u2013 palvelu turvalliseen online-plagiointiin ja teko\u00e4lyn l\u00f6yt\u00e4miseen. Uskomme rehellisyyteen, rehellisyyteen ja selkeisiin tuloksiin.\" \/>\n<meta property=\"og:url\" content=\"https:\/\/plagiatkontroll.org\/fi\/om-oss\/\" \/>\n<meta property=\"og:site_name\" content=\"PlagiatKontroll.org\" \/>\n<meta name=\"twitter:card\" content=\"summary_large_image\" \/>\n<!-- \/ Yoast SEO plugin. -->","yoast_head_json":{"title":"Tietoja meist\u00e4 \u2013 Online-plagioinnin hallinta teko\u00e4lyll\u00e4 ja t\u00e4ydell\u00e4 l\u00e4pin\u00e4kyvyydell\u00e4","description":"Tutustu plagioinnin hallintaan \u2013 palvelu turvalliseen online-plagiointiin ja teko\u00e4lyn l\u00f6yt\u00e4miseen. Uskomme rehellisyyteen, rehellisyyteen ja selkeisiin tuloksiin.","robots":{"index":"index","follow":"follow","max-snippet":"max-snippet:-1","max-image-preview":"max-image-preview:large","max-video-preview":"max-video-preview:-1"},"canonical":"https:\/\/plagiatkontroll.org\/fi\/om-oss\/","og_locale":"fi_FI","og_type":"article","og_title":"Tietoja meist\u00e4 \u2013 Online-plagioinnin hallinta teko\u00e4lyll\u00e4 ja t\u00e4ydell\u00e4 l\u00e4pin\u00e4kyvyydell\u00e4","og_description":"Tutustu plagioinnin hallintaan \u2013 palvelu turvalliseen online-plagiointiin ja teko\u00e4lyn l\u00f6yt\u00e4miseen. Uskomme rehellisyyteen, rehellisyyteen ja selkeisiin tuloksiin.","og_url":"https:\/\/plagiatkontroll.org\/fi\/om-oss\/","og_site_name":"PlagiatKontroll.org","twitter_card":"summary_large_image","schema":{"@context":"https:\/\/schema.org","@graph":[{"@type":"WebPage","@id":"https:\/\/plagiatkontroll.org\/fi\/om-oss\/","url":"https:\/\/plagiatkontroll.org\/fi\/om-oss\/","name":"Tietoja meist\u00e4 \u2013 Online-plagioinnin hallinta teko\u00e4lyll\u00e4 ja t\u00e4ydell\u00e4 l\u00e4pin\u00e4kyvyydell\u00e4","isPartOf":{"@id":"https:\/\/plagiatkontroll.org\/#website"},"datePublished":"2026-01-27T15:57:53+00:00","description":"Tutustu plagioinnin hallintaan \u2013 palvelu turvalliseen online-plagiointiin ja teko\u00e4lyn l\u00f6yt\u00e4miseen. Uskomme rehellisyyteen, rehellisyyteen ja selkeisiin tuloksiin.","breadcrumb":{"@id":"https:\/\/plagiatkontroll.org\/fi\/om-oss\/#breadcrumb"},"inLanguage":"fi","potentialAction":[{"@type":"ReadAction","target":["https:\/\/plagiatkontroll.org\/fi\/om-oss\/"]}]},{"@type":"BreadcrumbList","@id":"https:\/\/plagiatkontroll.org\/fi\/om-oss\/#breadcrumb","itemListElement":[{"@type":"ListItem","position":1,"name":"Home","item":"https:\/\/plagiatkontroll.org\/fi\/"},{"@type":"ListItem","position":2,"name":"Tietoa meist\u00e4"}]},{"@type":"WebSite","@id":"https:\/\/plagiatkontroll.org\/#website","url":"https:\/\/plagiatkontroll.org\/","name":"PlagiatKontroll.org","description":"","potentialAction":[{"@type":"SearchAction","target":{"@type":"EntryPoint","urlTemplate":"https:\/\/plagiatkontroll.org\/?s={search_term_string}"},"query-input":{"@type":"PropertyValueSpecification","valueRequired":true,"valueName":"search_term_string"}}],"inLanguage":"fi"}]}},"_links":{"self":[{"href":"https:\/\/plagiatkontroll.org\/wp-json\/wp\/v2\/pages\/660","targetHints":{"allow":["GET"]}}],"collection":[{"href":"https:\/\/plagiatkontroll.org\/wp-json\/wp\/v2\/pages"}],"about":[{"href":"https:\/\/plagiatkontroll.org\/wp-json\/wp\/v2\/types\/page"}],"author":[{"embeddable":true,"href":"https:\/\/plagiatkontroll.org\/wp-json\/wp\/v2\/users\/1"}],"replies":[{"embeddable":true,"href":"https:\/\/plagiatkontroll.org\/wp-json\/wp\/v2\/comments?post=660"}],"version-history":[{"count":1,"href":"https:\/\/plagiatkontroll.org\/wp-json\/wp\/v2\/pages\/660\/revisions"}],"predecessor-version":[{"id":674,"href":"https:\/\/plagiatkontroll.org\/wp-json\/wp\/v2\/pages\/660\/revisions\/674"}],"wp:attachment":[{"href":"https:\/\/plagiatkontroll.org\/wp-json\/wp\/v2\/media?parent=660"}],"curies":[{"name":"wp","href":"https:\/\/api.w.org\/{rel}","templated":true}]}}