{"id":659,"date":"2026-01-27T15:57:50","date_gmt":"2026-01-27T15:57:50","guid":{"rendered":"https:\/\/plagiatkontroll.org\/?page_id=659"},"modified":"2026-02-03T10:00:19","modified_gmt":"2026-02-03T10:00:19","slug":"plagiatkontroll","status":"publish","type":"page","link":"https:\/\/plagiatkontroll.org\/fi\/plagiatkontroll\/","title":{"rendered":"Plagioinnin Hallinta"},"content":{"rendered":"","protected":false},"excerpt":{"rendered":"","protected":false},"author":1,"featured_media":0,"parent":0,"menu_order":0,"comment_status":"closed","ping_status":"closed","template":"","meta":{"_yoast_wpseo_title":"Online plagioinnin tarkistus - Tarkista tekstisi suoraan | plagioinnin hallinta","_yoast_wpseo_metadesc":"K\u00e4yt\u00e4 plagioinnin hallintaa havaitaksesi nopeasti plagioinnin esseiss\u00e4, artikkeleissa tai verkossa. tarkat tulokset sekunneissa.","_locale":"fi","_original_post":"https:\/\/plagcheck.com\/?page_id=7","footnotes":""},"class_list":["post-659","page","type-page","status-publish","hentry","fi"],"yoast_head":"<!-- This site is optimized with the Yoast SEO plugin v27.4 - https:\/\/yoast.com\/product\/yoast-seo-wordpress\/ -->\n<title>Online plagioinnin tarkistus - Tarkista tekstisi suoraan | plagioinnin hallinta<\/title>\n<meta name=\"description\" content=\"K\u00e4yt\u00e4 plagioinnin hallintaa havaitaksesi nopeasti plagioinnin esseiss\u00e4, artikkeleissa tai verkossa. tarkat tulokset sekunneissa.\" \/>\n<meta name=\"robots\" content=\"index, follow, max-snippet:-1, max-image-preview:large, max-video-preview:-1\" \/>\n<link rel=\"canonical\" href=\"https:\/\/plagiatkontroll.org\/fi\/plagiatkontroll\/\" \/>\n<meta property=\"og:locale\" content=\"fi_FI\" \/>\n<meta property=\"og:type\" content=\"article\" \/>\n<meta property=\"og:title\" content=\"Online plagioinnin tarkistus - Tarkista tekstisi suoraan | plagioinnin hallinta\" \/>\n<meta property=\"og:description\" content=\"K\u00e4yt\u00e4 plagioinnin hallintaa havaitaksesi nopeasti plagioinnin esseiss\u00e4, artikkeleissa tai verkossa. tarkat tulokset sekunneissa.\" \/>\n<meta property=\"og:url\" content=\"https:\/\/plagiatkontroll.org\/fi\/plagiatkontroll\/\" \/>\n<meta property=\"og:site_name\" content=\"PlagiatKontroll.org\" \/>\n<meta property=\"article:modified_time\" content=\"2026-02-03T10:00:19+00:00\" \/>\n<meta name=\"twitter:card\" content=\"summary_large_image\" \/>\n<!-- \/ Yoast SEO plugin. -->","yoast_head_json":{"title":"Online plagioinnin tarkistus - Tarkista tekstisi suoraan | plagioinnin hallinta","description":"K\u00e4yt\u00e4 plagioinnin hallintaa havaitaksesi nopeasti plagioinnin esseiss\u00e4, artikkeleissa tai verkossa. tarkat tulokset sekunneissa.","robots":{"index":"index","follow":"follow","max-snippet":"max-snippet:-1","max-image-preview":"max-image-preview:large","max-video-preview":"max-video-preview:-1"},"canonical":"https:\/\/plagiatkontroll.org\/fi\/plagiatkontroll\/","og_locale":"fi_FI","og_type":"article","og_title":"Online plagioinnin tarkistus - Tarkista tekstisi suoraan | plagioinnin hallinta","og_description":"K\u00e4yt\u00e4 plagioinnin hallintaa havaitaksesi nopeasti plagioinnin esseiss\u00e4, artikkeleissa tai verkossa. tarkat tulokset sekunneissa.","og_url":"https:\/\/plagiatkontroll.org\/fi\/plagiatkontroll\/","og_site_name":"PlagiatKontroll.org","article_modified_time":"2026-02-03T10:00:19+00:00","twitter_card":"summary_large_image","schema":{"@context":"https:\/\/schema.org","@graph":[{"@type":"WebPage","@id":"https:\/\/plagiatkontroll.org\/fi\/plagiatkontroll\/","url":"https:\/\/plagiatkontroll.org\/fi\/plagiatkontroll\/","name":"Online plagioinnin tarkistus - Tarkista tekstisi suoraan | plagioinnin hallinta","isPartOf":{"@id":"https:\/\/plagiatkontroll.org\/#website"},"datePublished":"2026-01-27T15:57:50+00:00","dateModified":"2026-02-03T10:00:19+00:00","description":"K\u00e4yt\u00e4 plagioinnin hallintaa havaitaksesi nopeasti plagioinnin esseiss\u00e4, artikkeleissa tai verkossa. tarkat tulokset sekunneissa.","breadcrumb":{"@id":"https:\/\/plagiatkontroll.org\/fi\/plagiatkontroll\/#breadcrumb"},"inLanguage":"fi","potentialAction":[{"@type":"ReadAction","target":["https:\/\/plagiatkontroll.org\/fi\/plagiatkontroll\/"]}]},{"@type":"BreadcrumbList","@id":"https:\/\/plagiatkontroll.org\/fi\/plagiatkontroll\/#breadcrumb","itemListElement":[{"@type":"ListItem","position":1,"name":"Home","item":"https:\/\/plagiatkontroll.org\/fi\/"},{"@type":"ListItem","position":2,"name":"Plagioinnin Hallinta"}]},{"@type":"WebSite","@id":"https:\/\/plagiatkontroll.org\/#website","url":"https:\/\/plagiatkontroll.org\/","name":"PlagiatKontroll.org","description":"","potentialAction":[{"@type":"SearchAction","target":{"@type":"EntryPoint","urlTemplate":"https:\/\/plagiatkontroll.org\/?s={search_term_string}"},"query-input":{"@type":"PropertyValueSpecification","valueRequired":true,"valueName":"search_term_string"}}],"inLanguage":"fi"}]}},"_links":{"self":[{"href":"https:\/\/plagiatkontroll.org\/wp-json\/wp\/v2\/pages\/659","targetHints":{"allow":["GET"]}}],"collection":[{"href":"https:\/\/plagiatkontroll.org\/wp-json\/wp\/v2\/pages"}],"about":[{"href":"https:\/\/plagiatkontroll.org\/wp-json\/wp\/v2\/types\/page"}],"author":[{"embeddable":true,"href":"https:\/\/plagiatkontroll.org\/wp-json\/wp\/v2\/users\/1"}],"replies":[{"embeddable":true,"href":"https:\/\/plagiatkontroll.org\/wp-json\/wp\/v2\/comments?post=659"}],"version-history":[{"count":2,"href":"https:\/\/plagiatkontroll.org\/wp-json\/wp\/v2\/pages\/659\/revisions"}],"predecessor-version":[{"id":708,"href":"https:\/\/plagiatkontroll.org\/wp-json\/wp\/v2\/pages\/659\/revisions\/708"}],"wp:attachment":[{"href":"https:\/\/plagiatkontroll.org\/wp-json\/wp\/v2\/media?parent=659"}],"curies":[{"name":"wp","href":"https:\/\/api.w.org\/{rel}","templated":true}]}}