{"id":658,"date":"2026-01-27T15:57:50","date_gmt":"2026-01-27T15:57:50","guid":{"rendered":"https:\/\/plagiatkontroll.org\/?page_id=658"},"modified":"2026-02-03T10:00:44","modified_gmt":"2026-02-03T10:00:44","slug":"priser","status":"publish","type":"page","link":"https:\/\/plagiatkontroll.org\/fi\/priser\/","title":{"rendered":"Hinnoittelu"},"content":{"rendered":"","protected":false},"excerpt":{"rendered":"","protected":false},"author":1,"featured_media":0,"parent":0,"menu_order":0,"comment_status":"closed","ping_status":"closed","template":"","meta":{"_yoast_wpseo_title":"Online-plagioinnin hallinnan hinnoittelusuunnitelmat | plagioinnin hallinta","_yoast_wpseo_metadesc":"Valitse sinulle parhaiten sopiva paketti. Vertaa plagioinnin hallinnan ja teko\u00e4lyn havaitsemisen hintoja t\u00e4ydell\u00e4 eheydell\u00e4 ja luotettavuudella.","_locale":"fi","_original_post":"https:\/\/plagcheck.com\/?page_id=10","footnotes":""},"class_list":["post-658","page","type-page","status-publish","hentry","fi"],"yoast_head":"<!-- This site is optimized with the Yoast SEO plugin v27.4 - https:\/\/yoast.com\/product\/yoast-seo-wordpress\/ -->\n<title>Online-plagioinnin hallinnan hinnoittelusuunnitelmat | plagioinnin hallinta<\/title>\n<meta name=\"description\" content=\"Valitse sinulle parhaiten sopiva paketti. Vertaa plagioinnin hallinnan ja teko\u00e4lyn havaitsemisen hintoja t\u00e4ydell\u00e4 eheydell\u00e4 ja luotettavuudella.\" \/>\n<meta name=\"robots\" content=\"index, follow, max-snippet:-1, max-image-preview:large, max-video-preview:-1\" \/>\n<link rel=\"canonical\" href=\"https:\/\/plagiatkontroll.org\/fi\/priser\/\" \/>\n<meta property=\"og:locale\" content=\"fi_FI\" \/>\n<meta property=\"og:type\" content=\"article\" \/>\n<meta property=\"og:title\" content=\"Online-plagioinnin hallinnan hinnoittelusuunnitelmat | plagioinnin hallinta\" \/>\n<meta property=\"og:description\" content=\"Valitse sinulle parhaiten sopiva paketti. Vertaa plagioinnin hallinnan ja teko\u00e4lyn havaitsemisen hintoja t\u00e4ydell\u00e4 eheydell\u00e4 ja luotettavuudella.\" \/>\n<meta property=\"og:url\" content=\"https:\/\/plagiatkontroll.org\/fi\/priser\/\" \/>\n<meta property=\"og:site_name\" content=\"PlagiatKontroll.org\" \/>\n<meta property=\"article:modified_time\" content=\"2026-02-03T10:00:44+00:00\" \/>\n<meta name=\"twitter:card\" content=\"summary_large_image\" \/>\n<!-- \/ Yoast SEO plugin. -->","yoast_head_json":{"title":"Online-plagioinnin hallinnan hinnoittelusuunnitelmat | plagioinnin hallinta","description":"Valitse sinulle parhaiten sopiva paketti. Vertaa plagioinnin hallinnan ja teko\u00e4lyn havaitsemisen hintoja t\u00e4ydell\u00e4 eheydell\u00e4 ja luotettavuudella.","robots":{"index":"index","follow":"follow","max-snippet":"max-snippet:-1","max-image-preview":"max-image-preview:large","max-video-preview":"max-video-preview:-1"},"canonical":"https:\/\/plagiatkontroll.org\/fi\/priser\/","og_locale":"fi_FI","og_type":"article","og_title":"Online-plagioinnin hallinnan hinnoittelusuunnitelmat | plagioinnin hallinta","og_description":"Valitse sinulle parhaiten sopiva paketti. Vertaa plagioinnin hallinnan ja teko\u00e4lyn havaitsemisen hintoja t\u00e4ydell\u00e4 eheydell\u00e4 ja luotettavuudella.","og_url":"https:\/\/plagiatkontroll.org\/fi\/priser\/","og_site_name":"PlagiatKontroll.org","article_modified_time":"2026-02-03T10:00:44+00:00","twitter_card":"summary_large_image","schema":{"@context":"https:\/\/schema.org","@graph":[{"@type":"WebPage","@id":"https:\/\/plagiatkontroll.org\/fi\/priser\/","url":"https:\/\/plagiatkontroll.org\/fi\/priser\/","name":"Online-plagioinnin hallinnan hinnoittelusuunnitelmat | plagioinnin hallinta","isPartOf":{"@id":"https:\/\/plagiatkontroll.org\/#website"},"datePublished":"2026-01-27T15:57:50+00:00","dateModified":"2026-02-03T10:00:44+00:00","description":"Valitse sinulle parhaiten sopiva paketti. Vertaa plagioinnin hallinnan ja teko\u00e4lyn havaitsemisen hintoja t\u00e4ydell\u00e4 eheydell\u00e4 ja luotettavuudella.","breadcrumb":{"@id":"https:\/\/plagiatkontroll.org\/fi\/priser\/#breadcrumb"},"inLanguage":"fi","potentialAction":[{"@type":"ReadAction","target":["https:\/\/plagiatkontroll.org\/fi\/priser\/"]}]},{"@type":"BreadcrumbList","@id":"https:\/\/plagiatkontroll.org\/fi\/priser\/#breadcrumb","itemListElement":[{"@type":"ListItem","position":1,"name":"Home","item":"https:\/\/plagiatkontroll.org\/fi\/"},{"@type":"ListItem","position":2,"name":"Hinnoittelu"}]},{"@type":"WebSite","@id":"https:\/\/plagiatkontroll.org\/#website","url":"https:\/\/plagiatkontroll.org\/","name":"PlagiatKontroll.org","description":"","potentialAction":[{"@type":"SearchAction","target":{"@type":"EntryPoint","urlTemplate":"https:\/\/plagiatkontroll.org\/?s={search_term_string}"},"query-input":{"@type":"PropertyValueSpecification","valueRequired":true,"valueName":"search_term_string"}}],"inLanguage":"fi"}]}},"_links":{"self":[{"href":"https:\/\/plagiatkontroll.org\/wp-json\/wp\/v2\/pages\/658","targetHints":{"allow":["GET"]}}],"collection":[{"href":"https:\/\/plagiatkontroll.org\/wp-json\/wp\/v2\/pages"}],"about":[{"href":"https:\/\/plagiatkontroll.org\/wp-json\/wp\/v2\/types\/page"}],"author":[{"embeddable":true,"href":"https:\/\/plagiatkontroll.org\/wp-json\/wp\/v2\/users\/1"}],"replies":[{"embeddable":true,"href":"https:\/\/plagiatkontroll.org\/wp-json\/wp\/v2\/comments?post=658"}],"version-history":[{"count":2,"href":"https:\/\/plagiatkontroll.org\/wp-json\/wp\/v2\/pages\/658\/revisions"}],"predecessor-version":[{"id":709,"href":"https:\/\/plagiatkontroll.org\/wp-json\/wp\/v2\/pages\/658\/revisions\/709"}],"wp:attachment":[{"href":"https:\/\/plagiatkontroll.org\/wp-json\/wp\/v2\/media?parent=658"}],"curies":[{"name":"wp","href":"https:\/\/api.w.org\/{rel}","templated":true}]}}