{"id":656,"date":"2026-01-27T15:57:50","date_gmt":"2026-01-27T15:57:50","guid":{"rendered":"https:\/\/plagiatkontroll.org\/?page_id=656"},"modified":"2026-01-27T15:57:50","modified_gmt":"2026-01-27T15:57:50","slug":"villkor","status":"publish","type":"page","link":"https:\/\/plagiatkontroll.org\/fi\/villkor\/","title":{"rendered":"K\u00e4ytt\u00f6ehdot"},"content":{"rendered":"<p><strong>P\u00e4ivitetty viimeksi:<\/strong> [04.06.2025][\/04.06.2025]<\/p>\n<p>N\u00e4m\u00e4 k\u00e4ytt\u00f6ehdot (&#8220;Ehdot&#8221; tai &#8220;K\u00e4ytt\u00e4j\u00e4sopimus&#8221;) s\u00e4\u00e4telev\u00e4t p\u00e4\u00e4sy\u00e4si verkkosivustollemme ja palveluihimme ja niiden k\u00e4ytt\u00f6\u00e4 osoitteessa Plagiars.org. K\u00e4ytt\u00e4m\u00e4ll\u00e4 sivustoa hyv\u00e4ksyt n\u00e4m\u00e4 ehdot kokonaisuudessaan. Lue ne huolellisesti ennen kuin jatkat.<\/p>\n<p>Verkkosivuston omistaa ja sit\u00e4 yll\u00e4pit\u00e4\u00e4 <em>System Technology Online Spain SL<\/em>, Calle Pintor P\u00e9rez Gil 2, B.46, 03540, Alicante, Espanja.<\/p>\n<p>L\u00e4hett\u00e4m\u00e4ll\u00e4 tilauksen tai suorittamalla maksun vahvistat, ett\u00e4 olet lukenut, ymm\u00e4rt\u00e4nyt ja sitoudut noudattamaan n\u00e4it\u00e4 ehtoja laillisesti. Ne muodostavat t\u00e4ydellisen sopimuksen sinun k\u00e4ytt\u00e4j\u00e4n\u00e4 ja plagiointi control.org.<\/p>\n<h2>Seurantatekniikan k\u00e4ytt\u00f6<\/h2>\n<p>K\u00e4yt\u00e4mme tekniikoita, kuten ev\u00e4steit\u00e4 ja seurantaskriptej\u00e4, mukauttaaksemme sis\u00e4lt\u00f6\u00e4, analysoidaksemme vierailijatietoja ja parantaaksemme palveluitamme. Katso lis\u00e4tietoja <a href=\"https:\/\/plagiatkontroll.org\/privacy-policy\/\">tietosuojak\u00e4yt\u00e4nn\u00f6st\u00e4mme<\/a>.<\/p>\n<h2>Perusperiaatteet \u2013 GDPR:n mukainen tietosuoja<\/h2>\n<ul>\n<li>Emme koskaan ker\u00e4\u00e4 tai paljasta henkil\u00f6tietoja ilman suostumustasi.<\/li>\n<li>Emme k\u00e4sittele alle 13-vuotiaiden henkil\u00f6tietoja.<\/li>\n<li>Ev\u00e4steet ker\u00e4t\u00e4\u00e4n tavalla, joka ei paljasta henkil\u00f6llisyytt\u00e4si.<\/li>\n<li>Ker\u00e4\u00e4mme henkil\u00f6tietoja Kun luot tilin, tilaat uutiskirjeemme, otat meihin yhteytt\u00e4 lomakkeiden kautta tai k\u00e4yt\u00e4t kumppaneidemme tarjoamia palveluita.<\/li>\n<\/ul>\n<p>Kaikki henkil\u00f6tietojen k\u00e4sittely tapahtuu EU:n tietosuoja-asetuksen (GDPR) ja nykyisen kansallisen lains\u00e4\u00e4d\u00e4nn\u00f6n mukaisesti.<\/p>\n<h2>uutiskirjeen tilaus<\/h2>\n<p>Sinulla on mahdollisuus tilata uutiskirjeit\u00e4 verkkosivustomme kautta. Uutiskirjeet sis\u00e4lt\u00e4v\u00e4t tietoa plagioinnin control.orgista, palveluistamme, yhteisty\u00f6st\u00e4mme ja tarjouksistamme.<\/p>\n<p>Saadaksesi uutiskirjeit\u00e4, sinun on rekister\u00f6idytt\u00e4v\u00e4 aktiivisesti ja annettava voimassa oleva s\u00e4hk\u00f6postiosoite. Rekister\u00f6innin yhteydess\u00e4 annettuja henkil\u00f6tietoja k\u00e4ytet\u00e4\u00e4n vain s\u00e4hk\u00f6postiviestint\u00e4\u00e4n.<\/p>\n<p>Tietoja ei jaeta kolmansille osapuolille, paitsi s\u00e4hk\u00f6postipalveluntarjoajamme. Voit peruuttaa tilauksen milloin tahansa napsauttamalla s\u00e4hk\u00f6postin linkki\u00e4. Jos haluat poistaa kaikki asiaan liittyv\u00e4t tiedot, ota meihin yhteytt\u00e4 s\u00e4hk\u00f6postitse.<\/p>\n<h2>Viestint\u00e4 verkkosivuston kautta<\/h2>\n<p>Kun otat meihin yhteytt\u00e4 yhteydenottolomakkeellamme, tietyt tiedot ker\u00e4t\u00e4\u00e4n automaattisesti, kuten nimi ja s\u00e4hk\u00f6postiosoite. N\u00e4it\u00e4 tietoja k\u00e4ytet\u00e4\u00e4n vain vastaamaan pyynt\u00f6\u00f6si, eik\u00e4 niit\u00e4 jaeta kenellek\u00e4\u00e4n tukitiimimme ulkopuolisille.<\/p>\n<h2>Henkil\u00f6tietojen poistaminen<\/h2>\n<p>Tallennamme henkil\u00f6tietoja vain niin kauan kuin ne ovat lain mukaan tarpeen tai sen tarkoituksen t\u00e4ytt\u00e4miseksi, jota varten ne on ker\u00e4tty. Kun s\u00e4ilytysaika on umpeutunut, tietosi poistetaan voimassa olevan lains\u00e4\u00e4d\u00e4nn\u00f6n mukaisesti.<\/p>\n<h2>K\u00e4ytt\u00e4j\u00e4tilisi<\/h2>\n<p>Riippuen sijainnistasi, sinulla saattaa olla mahdollisuus n\u00e4hd\u00e4, p\u00e4ivitt\u00e4\u00e4 tai poistaa henkil\u00f6tietosi suoraan k\u00e4ytt\u00e4j\u00e4tililt\u00e4si. Voit k\u00e4ytt\u00e4\u00e4 oikeuksiasi my\u00f6s ottaa yhteytt\u00e4 tukitiimiimme.<\/p>\n<h2>Oikeutesi k\u00e4ytt\u00e4j\u00e4n\u00e4<\/h2>\n<h3>1. Oikeus vahvistukseen<\/h3>\n<p>Sinulla on oikeus vahvistaa, k\u00e4sittelemmek\u00f6 henkil\u00f6tietojasi. L\u00e4het\u00e4 pyynt\u00f6si verkkosivustolla olevaan s\u00e4hk\u00f6postiosoitteeseen.<\/p>\n<h3>2. P\u00e4\u00e4syoikeus<\/h3>\n<p>Sinulla on oikeus tiet\u00e4\u00e4, mit\u00e4 henkil\u00f6tietoja tallennamme sinusta, ja saada kopio. GDPR:n mukaan sinulla on my\u00f6s oikeus saada seuraavat tiedot:<\/p>\n<ul>\n<li>tietojenk\u00e4sittelyn tarkoitus<\/li>\n<li>Ker\u00e4tyn tiedon tyyppi<\/li>\n<li>kenen kanssa tiedot jaetaan, mukaan lukien vastaanottajat kolmansissa maissa<\/li>\n<li>Kuinka kauan tietoja s\u00e4ilytet\u00e4\u00e4n (jos tiedossa)<\/li>\n<li>oikeus pyyt\u00e4\u00e4 tietojen korjaamista tai poistamista<\/li>\n<li>oikeus tehd\u00e4 valitus<\/li>\n<li>tietoa automatisoidusta p\u00e4\u00e4t\u00f6ksenteosta ja sen seurauksista<\/li>\n<\/ul>\n<h3>3. Oikeus korjaukseen<\/h3>\n<p>Voit pyyt\u00e4\u00e4, ett\u00e4 korjaamme sinusta tallentamamme virheelliset tai ep\u00e4t\u00e4ydelliset henkil\u00f6tiedot.<\/p>\n<h3>4. Oikeus poistaa (&#8220;oikeus tulla unohdetuksi&#8221;)<\/h3>\n<p>Sinulla on oikeus pyyt\u00e4\u00e4 tietojesi poistamista, jos jokin seuraavista p\u00e4tee:<\/p>\n<ul>\n<li>Tietoja ei en\u00e4\u00e4 tarvita ker\u00e4ttyyn tarkoitukseen<\/li>\n<li>peruutat suostumuksesi, eik\u00e4 k\u00e4sittelylle ole muuta laillista perustetta<\/li>\n<li>vastustat hoitoa, eik\u00e4 siihen ole oikeutettuja syit\u00e4<\/li>\n<li>tiedot on k\u00e4sitelty laittomasti<\/li>\n<li>Lain edellytt\u00e4m\u00e4 poisto<\/li>\n<li>Tiedot on ker\u00e4tty Tietoyhteiskuntapalveluiden tarjousten yhteydess\u00e4<\/li>\n<\/ul>\n<p>Pyyd\u00e4 poistamista ottamalla meihin yhteytt\u00e4 s\u00e4hk\u00f6postiosoitteella, joka on saatavilla osoitteessa plagiarismontekont.org. K\u00e4sittelemme pyynt\u00f6si ilman tarpeetonta viivytyst\u00e4.<\/p>\n<h3>5. Oikeus rajoittaa hoitoa<\/h3>\n<p>Sinulla on oikeus pyyt\u00e4\u00e4 tietojesi k\u00e4sittelyn rajoittamista, jos:<\/p>\n<ul>\n<li>kyseenalaistat tietojen oikeellisuuden<\/li>\n<li>k\u00e4sittely on laitonta, mutta et halua, ett\u00e4 tietoja poistetaan<\/li>\n<li>Emme en\u00e4\u00e4 tarvitse tietoja, mutta tarvitset niit\u00e4 oikeudellisten vaatimusten vahvistamiseen, t\u00e4yt\u00e4nt\u00f6\u00f6npanoon tai puolustamiseen<\/li>\n<li>olet vastustanut hoitoa ja tutkimme, ovatko syymme suuremmat kuin sinun<\/li>\n<\/ul>\n<h3>6. Oikeus vastustaa hoitoa<\/h3>\n<p>Sinulla on milloin tahansa oikeus vastustaa henkil\u00f6tietojesi k\u00e4sittely\u00e4. Ota yhteytt\u00e4, jos haluat k\u00e4ytt\u00e4\u00e4 t\u00e4t\u00e4 oikeutta.<\/p>\n<h2>oikeusperusta ja s\u00e4ilytysaika<\/h2>\n<p>K\u00e4sittelemme henkil\u00f6tietoja sovellettavien lakien ja m\u00e4\u00e4r\u00e4ysten mukaisesti, mukaan lukien yleinen tietosuoja-asetus (GDPR). Joissakin tapauksissa vaaditaan, ett\u00e4 sin\u00e4 k\u00e4ytt\u00e4j\u00e4n\u00e4 annat meille henkil\u00f6tietoja &#8211; esimerkiksi jotta voimme t\u00e4ytt\u00e4\u00e4 sopimuksen, varmistaa henkil\u00f6llisyyden tai noudattaa lakis\u00e4\u00e4teisi\u00e4 vaatimuksia.<\/p>\n<p>Tallennamme tietojasi vain niin kauan kuin ne ovat tarpeen ker\u00e4ttyyn tarkoitukseen tai lain edellytt\u00e4m\u00e4ll\u00e4 tavalla. Kun t\u00e4t\u00e4 tarkoitusta ei en\u00e4\u00e4 ole, tiedot poistetaan turvallisesti.<\/p>\n<h2>K\u00e4ytt\u00e4j\u00e4n vastuu<\/h2>\n<ul>\n<li>Olet vastuussa tarkkojen ja p\u00e4ivitettyjen tietojen antamisesta rekister\u00f6innin yhteydess\u00e4.<\/li>\n<li>Sitoudut k\u00e4ytt\u00e4m\u00e4\u00e4n palveluitamme n\u00e4iden ehtojen mukaisesti ja vain henkil\u00f6kohtaiseen ja lailliseen k\u00e4ytt\u00f6\u00f6n.<\/li>\n<li>Et saa jakaa tili\u00e4si tai salasanaasi muiden kanssa.<\/li>\n<li>Et saa k\u00e4ytt\u00e4\u00e4 palvelua kilpailevien tuotteiden tai palvelujen kehitt\u00e4miseen.<\/li>\n<li>Vahvistat, ett\u00e4 sinulla on oikeus k\u00e4ytt\u00e4\u00e4 kaikkea sis\u00e4lt\u00f6\u00e4, jonka lataat plagiointihallintaamme.<\/li>\n<\/ul>\n<h2>Lisenssi- ja k\u00e4ytt\u00e4j\u00e4rajoitukset<\/h2>\n<p>Plagiarism.org antaa sinulle rajoitetun, ei-yksinomaisen, ei-siirrett\u00e4v\u00e4n lisenssin k\u00e4ytt\u00e4\u00e4 Sivustoa ja sen palveluita henkil\u00f6kohtaiseen, ei-kaupalliseen k\u00e4ytt\u00f6\u00f6n.<\/p>\n<p>T\u00e4m\u00e4 lisenssi on voimassa vain sen ajan, kun sinulla on aktiivinen tili ja olet maksanut sovellettavat maksut. Mik\u00e4\u00e4n t\u00e4ss\u00e4 sopimuksessa ei anna sinulle oikeutta verkkosivuston l\u00e4hdekoodiin, taustalla olevaan j\u00e4rjestelm\u00e4\u00e4n tai siihen liittyviin immateriaalioikeuksiin.<\/p>\n<h3>rajoitukset<\/h3>\n<ul>\n<li>Et saa kopioida, myyd\u00e4, jakaa tai muokata mit\u00e4\u00e4n Palvelun sis\u00e4lt\u00f6\u00e4 ilman kirjallista lupaa.<\/li>\n<li>Et saa k\u00e4\u00e4nt\u00e4\u00e4 ty\u00f6t\u00e4, purkaa tai yritt\u00e4\u00e4 luoda uudelleen palvelun takana olevia toimintoja.<\/li>\n<li>Et saa poistaa tekij\u00e4noikeusilmoituksia tai tavaramerkkitietoja raporteista tai muusta materiaalista.<\/li>\n<li>Et saa antaa luvattomille k\u00e4ytt\u00e4jille p\u00e4\u00e4sy\u00e4 tiliisi tai j\u00e4rjestelmiimme.<\/li>\n<\/ul>\n<p>Yll\u00e4 olevien ehtojen rikkominen voi johtaa tilisi v\u00e4litt\u00f6m\u00e4\u00e4n lopettamiseen ja oikeustoimiin.<\/p>\n<h2>Immateriaalioikeudet<\/h2>\n<p>Kaikki oikeudet palveluun, mukaan lukien tekniikka, raporttimuodot, analyyttiset menetelm\u00e4t ja rajapinnat, kuuluvat Plagiars Control.orgille tai sen lisenssinantajille. Et saa t\u00e4m\u00e4n sopimuksen kautta mit\u00e4\u00e4n omistusoikeutta Palveluun tai sen sis\u00e4lt\u00f6\u00f6n.<\/p>\n<p>Plagiotkontroll.org voi k\u00e4ytt\u00e4\u00e4 meille jakamiasi parannusehdotuksia, palautetta tai ideoita ilman korvausta, mutta aina tietosuojak\u00e4yt\u00e4nt\u00f6mme mukaisesti.<\/p>\n<h2>vastuuvapauslauseke<\/h2>\n<p>Verkkosivusto ja sen palvelut tarjotaan sellaisenaan (&#8220;sellaisenaan&#8221;) ja ilman takuita. Plagiars Control.org ei takaa, ett\u00e4 palvelu on virheet\u00f6nt\u00e4, aina saatavilla tai ett\u00e4 plagioinnin hallinnan tulokset ovat kaikissa tapauksissa t\u00e4ysin tarkkoja.<\/p>\n<p>Emme ole vastuussa mist\u00e4\u00e4n keskeytyksist\u00e4, teknisist\u00e4 virheist\u00e4, viruksista, luvattomasta p\u00e4\u00e4syst\u00e4 tai muista h\u00e4iri\u00f6ist\u00e4, joita saattaa ilmet\u00e4 palvelua k\u00e4ytett\u00e4ess\u00e4. K\u00e4ytt\u00e4j\u00e4ll\u00e4 on kaikki vastuu tulkinnasta ja mahdollisesta raporttien jakamisesta.<\/p>\n<h2>vastuunrajoitus<\/h2>\n<p>Plagiarism.org, sen toimittajat tai lisenssinantajat eiv\u00e4t ole vastuussa suorista tai ep\u00e4suorista vahingoista, mukaan lukien, mutta ei rajoittuen, menetetyt tiedot, toiminnan keskeytykset tai menetetyt voitot, jotka johtuvat palvelun k\u00e4yt\u00f6st\u00e4.<\/p>\n<p>Enimm\u00e4isvastuumme sinua kohtaan on rajoitettu summaan, jonka olet maksanut palvelusta viimeisten 30 p\u00e4iv\u00e4n aikana ennen vahinkoa. Joillakin laink\u00e4ytt\u00f6alueilla vastuunrajoitusta ei voida soveltaa t\u00e4ysim\u00e4\u00e4r\u00e4isesti; T\u00e4llaisissa tapauksissa sit\u00e4 sovelletaan silt\u00e4 osin kuin laki sen sallii.<\/p>\n<h2>tilap\u00e4inen seisokki<\/h2>\n<p>Pid\u00e4t\u00e4mme oikeuden v\u00e4liaikaisesti tai pysyv\u00e4sti keskeytt\u00e4\u00e4 p\u00e4\u00e4sysi Palveluun, jos:<\/p>\n<ul>\n<li>rikot n\u00e4it\u00e4 k\u00e4ytt\u00f6ehtoja<\/li>\n<li>se on lain tai viranomaisen p\u00e4\u00e4t\u00f6ksen edellytt\u00e4m\u00e4<\/li>\n<li>J\u00e4rjestelm\u00e4 on suojattava vaurioilta tai v\u00e4\u00e4rink\u00e4yt\u00f6ksilt\u00e4<\/li>\n<li>on olemassa oikeudellisen vastuun riski<\/li>\n<\/ul>\n<h2>korvausvelvollisuus<\/h2>\n<p>K\u00e4ytt\u00e4m\u00e4ll\u00e4 verkkosivustoa sitoudut pit\u00e4m\u00e4\u00e4n Plagiars Control.orgin, sen ty\u00f6ntekij\u00e4t, kumppanit ja tavarantoimittajat vaarattomina kaikista vaateista, menetyksist\u00e4 tai kuluista (mukaan lukien oikeudenk\u00e4yntikulut), jotka aiheutuvat:<\/p>\n<ul>\n<li>Palvelun k\u00e4ytt\u00f6<\/li>\n<li>Kolmannen osapuolen oikeuksien loukkaaminen<\/li>\n<li>N\u00e4iden k\u00e4ytt\u00f6ehtojen rikkominen<\/li>\n<\/ul>\n<p>Plagiarism.org varaa oikeuden ottaa oikeudellisen puolustuksen haltuunsa t\u00e4llaisissa tapauksissa, ja sin\u00e4 sitoudut yhteisty\u00f6h\u00f6n tutkinnassa.<\/p>\n<h2>Linkkej\u00e4 ulkoisille sivustoille<\/h2>\n<p>Sivusto voi sis\u00e4lt\u00e4\u00e4 linkkej\u00e4 kolmansien osapuolien verkkosivustoille. N\u00e4m\u00e4 linkit eiv\u00e4t tarkoita, ett\u00e4 Plagiars Control.org tukee tai ottaa vastuuta siell\u00e4 tarjotusta sis\u00e4ll\u00f6st\u00e4, tuotteista tai palveluista.<\/p>\n<p>Olet vastuussa t\u00e4llaisten ulkoisten verkkosivustojen ehtojen ja tietosuojak\u00e4yt\u00e4nt\u00f6jen lukemisesta ja hyv\u00e4ksymisest\u00e4. Emme ota vastuuta vahingoista tai menetyksist\u00e4, joita voi esiinty\u00e4 k\u00e4yntien tai kolmannen osapuolen sivustojen k\u00e4yt\u00f6n aikana.<\/p>\n<h2>sovellettava laki ja riitojenratkaisu<\/h2>\n<p>N\u00e4it\u00e4 k\u00e4ytt\u00f6ehtoja s\u00e4\u00e4telee Espanjan laki. Kaikki riidat on ensisijaisesti ratkaistava osapuolten v\u00e4lisen vuoropuhelun avulla. Jos sopimukseen ei p\u00e4\u00e4st\u00e4, riidan ratkaisee Alicanten, Espanjan toimivaltainen tuomioistuin, ellei pakollinen laki toisin m\u00e4\u00e4r\u00e4\u00e4.<\/p>\n<h2>Muutokset k\u00e4ytt\u00f6ehtoihin<\/h2>\n<p>Plagiarism.org pid\u00e4tt\u00e4\u00e4 oikeuden p\u00e4ivitt\u00e4\u00e4 tai muuttaa n\u00e4it\u00e4 k\u00e4ytt\u00f6ehtoja milloin tahansa. Muutokset julkaistaan verkkosivustolla, ja sinun vastuullasi on pit\u00e4\u00e4 sinut ajan tasalla.<\/p>\n<p>Jos jatkat palvelun k\u00e4ytt\u00f6\u00e4 muutosten voimaantulon j\u00e4lkeen, sinun katsotaan hyv\u00e4ksyneen ne.<\/p>\n<h2>Muut<\/h2>\n<p>Jos jotakin t\u00e4m\u00e4n sopimuksen osaa pidett\u00e4isiin p\u00e4tem\u00e4tt\u00f6m\u00e4n\u00e4 tai t\u00e4yt\u00e4nt\u00f6\u00f6npanokelvottomana, t\u00e4m\u00e4 osa on tulkittava sovellettavan lain mukaisesti ja mahdollisimman l\u00e4hell\u00e4 alkuper\u00e4ist\u00e4 tarkoitusta. Sopimuksen muut osat ovat edelleen voimassa kokonaisuudessaan.<\/p>\n<p>T\u00e4m\u00e4 versio muodostaa t\u00e4ydellisen sopimuksen sinun ja Plagiarism Control.orgin v\u00e4lill\u00e4. Kaikki aiemmat suulliset tai kirjalliset sopimukset korvataan.<\/p>\n","protected":false},"excerpt":{"rendered":"P\u00e4ivitetty viimeksi: [04.06.2025][\/04.06.2025] N\u00e4m\u00e4 k\u00e4ytt\u00f6ehdot (&#8220;Ehdot&#8221; tai &#8220;K\u00e4ytt\u00e4j\u00e4sopimus&#8221;) s\u00e4\u00e4telev\u00e4t p\u00e4\u00e4sy\u00e4si verkkosivustollemme ja palveluihimme ja niiden k\u00e4ytt\u00f6\u00e4 osoitteessa Plagiars.org. K\u00e4ytt\u00e4m\u00e4ll\u00e4 sivustoa hyv\u00e4ksyt n\u00e4m\u00e4 ehdot kokonaisuudessaan. Lue ne huolellisesti ennen kuin jatkat. Verkkosivuston omistaa ja sit\u00e4 yll\u00e4pit\u00e4\u00e4 System Technology Online Spain SL, Calle Pintor P\u00e9rez Gil 2, B.46, 03540, Alicante, Espanja. L\u00e4hett\u00e4m\u00e4ll\u00e4 tilauksen tai suorittamalla maksun vahvistat, [&hellip;]","protected":false},"author":1,"featured_media":0,"parent":0,"menu_order":0,"comment_status":"closed","ping_status":"closed","template":"","meta":{"_yoast_wpseo_title":"K\u00e4ytt\u00f6ehdot | plagiointi.org","_yoast_wpseo_metadesc":"Lue Plagiars Control.org -sivuston k\u00e4ytt\u00f6ehdot \u2013 Secure Plagiars Control, teko\u00e4lyanalyysi ja GDPR-suojattu tietojenk\u00e4sittely.","_locale":"fi","_original_post":"https:\/\/plagcheck.com\/?page_id=35","footnotes":""},"class_list":["post-656","page","type-page","status-publish","hentry","fi"],"yoast_head":"<!-- This site is optimized with the Yoast SEO plugin v27.4 - https:\/\/yoast.com\/product\/yoast-seo-wordpress\/ -->\n<title>K\u00e4ytt\u00f6ehdot | plagiointi.org<\/title>\n<meta name=\"description\" content=\"Lue Plagiars Control.org -sivuston k\u00e4ytt\u00f6ehdot \u2013 Secure Plagiars Control, teko\u00e4lyanalyysi ja GDPR-suojattu tietojenk\u00e4sittely.\" \/>\n<meta name=\"robots\" content=\"noindex, nofollow\" \/>\n<meta property=\"og:locale\" content=\"fi_FI\" \/>\n<meta property=\"og:type\" content=\"article\" \/>\n<meta property=\"og:title\" content=\"K\u00e4ytt\u00f6ehdot | plagiointi.org\" \/>\n<meta property=\"og:description\" content=\"Lue Plagiars Control.org -sivuston k\u00e4ytt\u00f6ehdot \u2013 Secure Plagiars Control, teko\u00e4lyanalyysi ja GDPR-suojattu tietojenk\u00e4sittely.\" \/>\n<meta property=\"og:url\" content=\"https:\/\/plagiatkontroll.org\/fi\/villkor\/\" \/>\n<meta property=\"og:site_name\" content=\"PlagiatKontroll.org\" \/>\n<meta name=\"twitter:card\" content=\"summary_large_image\" \/>\n<meta name=\"twitter:label1\" content=\"Arvioitu lukuaika\" \/>\n\t<meta name=\"twitter:data1\" content=\"6 minuuttia\" \/>\n<!-- \/ Yoast SEO plugin. -->","yoast_head_json":{"title":"K\u00e4ytt\u00f6ehdot | plagiointi.org","description":"Lue Plagiars Control.org -sivuston k\u00e4ytt\u00f6ehdot \u2013 Secure Plagiars Control, teko\u00e4lyanalyysi ja GDPR-suojattu tietojenk\u00e4sittely.","robots":{"index":"noindex","follow":"nofollow"},"og_locale":"fi_FI","og_type":"article","og_title":"K\u00e4ytt\u00f6ehdot | plagiointi.org","og_description":"Lue Plagiars Control.org -sivuston k\u00e4ytt\u00f6ehdot \u2013 Secure Plagiars Control, teko\u00e4lyanalyysi ja GDPR-suojattu tietojenk\u00e4sittely.","og_url":"https:\/\/plagiatkontroll.org\/fi\/villkor\/","og_site_name":"PlagiatKontroll.org","twitter_card":"summary_large_image","twitter_misc":{"Arvioitu lukuaika":"6 minuuttia"},"schema":{"@context":"https:\/\/schema.org","@graph":[{"@type":"WebPage","@id":"https:\/\/plagiatkontroll.org\/fi\/villkor\/","url":"https:\/\/plagiatkontroll.org\/fi\/villkor\/","name":"K\u00e4ytt\u00f6ehdot | plagiointi.org","isPartOf":{"@id":"https:\/\/plagiatkontroll.org\/#website"},"datePublished":"2026-01-27T15:57:50+00:00","description":"Lue Plagiars Control.org -sivuston k\u00e4ytt\u00f6ehdot \u2013 Secure Plagiars Control, teko\u00e4lyanalyysi ja GDPR-suojattu tietojenk\u00e4sittely.","breadcrumb":{"@id":"https:\/\/plagiatkontroll.org\/fi\/villkor\/#breadcrumb"},"inLanguage":"fi","potentialAction":[{"@type":"ReadAction","target":["https:\/\/plagiatkontroll.org\/fi\/villkor\/"]}]},{"@type":"BreadcrumbList","@id":"https:\/\/plagiatkontroll.org\/fi\/villkor\/#breadcrumb","itemListElement":[{"@type":"ListItem","position":1,"name":"Home","item":"https:\/\/plagiatkontroll.org\/fi\/"},{"@type":"ListItem","position":2,"name":"K\u00e4ytt\u00f6ehdot"}]},{"@type":"WebSite","@id":"https:\/\/plagiatkontroll.org\/#website","url":"https:\/\/plagiatkontroll.org\/","name":"PlagiatKontroll.org","description":"","potentialAction":[{"@type":"SearchAction","target":{"@type":"EntryPoint","urlTemplate":"https:\/\/plagiatkontroll.org\/?s={search_term_string}"},"query-input":{"@type":"PropertyValueSpecification","valueRequired":true,"valueName":"search_term_string"}}],"inLanguage":"fi"}]}},"_links":{"self":[{"href":"https:\/\/plagiatkontroll.org\/wp-json\/wp\/v2\/pages\/656","targetHints":{"allow":["GET"]}}],"collection":[{"href":"https:\/\/plagiatkontroll.org\/wp-json\/wp\/v2\/pages"}],"about":[{"href":"https:\/\/plagiatkontroll.org\/wp-json\/wp\/v2\/types\/page"}],"author":[{"embeddable":true,"href":"https:\/\/plagiatkontroll.org\/wp-json\/wp\/v2\/users\/1"}],"replies":[{"embeddable":true,"href":"https:\/\/plagiatkontroll.org\/wp-json\/wp\/v2\/comments?post=656"}],"version-history":[{"count":4,"href":"https:\/\/plagiatkontroll.org\/wp-json\/wp\/v2\/pages\/656\/revisions"}],"predecessor-version":[{"id":680,"href":"https:\/\/plagiatkontroll.org\/wp-json\/wp\/v2\/pages\/656\/revisions\/680"}],"wp:attachment":[{"href":"https:\/\/plagiatkontroll.org\/wp-json\/wp\/v2\/media?parent=656"}],"curies":[{"name":"wp","href":"https:\/\/api.w.org\/{rel}","templated":true}]}}